{"id":3,"date":"2021-07-02T10:27:10","date_gmt":"2021-07-02T08:27:10","guid":{"rendered":"https:\/\/wfs.heinx1.de\/?page_id=3"},"modified":"2022-05-12T11:48:15","modified_gmt":"2022-05-12T09:48:15","slug":"datenschutzerklaerung","status":"publish","type":"page","link":"https:\/\/www.foerderverein-wfs.de\/index.php\/datenschutzerklaerung\/","title":{"rendered":"Datenschutz"},"content":{"rendered":"\r\n<h1 class=\"wp-block-heading\">Datenschutzhinweise des F\u00f6rdervereins f\u00fcr Mitglieder, Eltern, Sch\u00fcler und Honorarkr\u00e4fte<\/h1>\r\n\r\n\r\n\r\n<p>(Anmerkung: Wir unterscheiden im Folgenden bewusst nicht in m\u00e4nnlicher und weiblicher Ansprache, sondern verwenden die Begriffe &#8222;Sch\u00fcler&#8220; und &#8222;Mitglieder&#8220; neutral und sprechen damit alle betroffenen Personen an.)<\/p>\r\n\r\n\r\n\r\n<p>Liebe F\u00f6rdervereinsmitglieder, Eltern, Sch\u00fcler und Honorarkr\u00e4fte,<\/p>\r\n\r\n\r\n\r\n<p>am 25. Mai 2018 ist die EU-Datenschutz-Grundverordnung (EU-DSGVO) in Kraft getreten. Im Folgenden informieren wir Sie auf Basis der geltenden Vorschriften \u00fcber die Verarbeitung Ihrer personenbezogenen Daten und der Ihrer Kinder durch uns und \u00fcber Ihre Rechte aus dem Datenschutzrecht.<\/p>\r\n<p>&nbsp;<\/p>\r\n\r\n\r\n\r\n<p><strong>1. Verantwortlichkeiten<\/strong><\/p>\r\n\r\n\r\n\r\n<p>Verantwortlich ist der F\u00f6rderverein der Weibelfeldschule Dreieich e.V., Am Trauben 17 63303 Dreieich E-Mail: willkommen@foerderverein-wfs.de<\/p>\r\n<p>&nbsp;<\/p>\r\n\r\n\r\n\r\n<p><strong>2. Welche Quellen und Daten werden genutzt?<\/strong><\/p>\r\n\r\n\r\n\r\n<p>Genutzt werden in erster Linie personenbezogene Daten, die Sie uns zur Verf\u00fcgung stellen. Dar\u00fcber hinaus verwenden wir Informationen, die auf \u00f6ffentlich zug\u00e4nglichen Seiten im Internet verf\u00fcgbar sind.<\/p>\r\n\r\n\r\n\r\n<p>Relevante personenbezogene Daten sind:<\/p>\r\n\r\n\r\n\r\n<p>* Namen<br \/>* Adressen<br \/>* Geburtstage<br \/>* Telefonnummern<br \/>* E-Mail-Adressen<br \/>* Kontoverbindungen<\/p>\r\n\r\n\r\n\r\n\r\n\r\n\r\n\r\n\r\n\r\n\r\n\r\n<p>&nbsp;<\/p>\r\n\r\n\r\n\r\n<p><strong>3. Zweck der Verarbeitung und Rechtsgrundlagen<\/strong><\/p>\r\n\r\n\r\n\r\n<p>Die Verarbeitung der Daten erfolgt in erster Linie zur Begr\u00fcndung, Durchf\u00fchrung und Beendigung der Mitgliedschaft im F\u00f6rderverein der Weibelfeldschule Dreieich e.V. (FV), sowie der Abwicklung von vertraglichen Beziehungen des FV im Rahmen von Honorarvereinbarungen und zu Eltern bzw. vollj\u00e4hrigen Sch\u00fclern der Bl\u00e4serklassen \/ Bl\u00e4ser-AG. Dar\u00fcber hinaus werden die Kontaktdaten zur \u00dcbermittlung von Informationen des FV und zur bilateralen Kommunikation verwendet.<\/p>\r\n\r\n\r\n\r\n<p>Die Verarbeitung personenbezogener Daten erfolgt im Einklang mit den rechtlichen Vorschriften zur Erf\u00fcllung gesetzlicher und vertraglicher Pflichten und\/oder aufgrund Ihrer Einwilligung (Art. 6 Abs. 1a<\/p>\r\n\r\n\r\n\r\n<p>bis c DSGVO). Der FV unterliegt dem Vereinsrecht und der Steuergesetzgebung und richtet seine Arbeit an der Satzung aus. Gesetzliche Vorschriften und Satzungsbestimmungen k\u00f6nnen es notwendig machen, personenbezogene Daten zu Kontroll- und Dokumentationszwecken zu verarbeiten. Als eingetragener Verein schlie\u00dft der FV bei Begr\u00fcndung der Mitgliedschaft einen Vertrag mit seinen Mitgliedern, der ihn berechtigt, die Mitgliedsbeitr\u00e4ge per Lastschriftverfahren einzuziehen. Personenbezogene Daten werden hier zur Erf\u00fcllung vertraglicher Pflichten verarbeitet. Bei Vertr\u00e4gen, die der FV mit Honorarkr\u00e4ften und Eltern bzw. vollj\u00e4hrigen Sch\u00fclern der Bl\u00e4serklassen \/ Bl\u00e4ser-AG schlie\u00dft, wird analog verfahren.<\/p>\r\n<p>&nbsp;<\/p>\r\n\r\n\r\n\r\n<p><strong>4. Wer bekommt Ihre Daten?<\/strong><\/p>\r\n\r\n\r\n\r\n<p>Die Kontakt- und Kontodaten der Mitglieder des FV, der Eltern der Bl\u00e4serklasse und ihrer minderj\u00e4hrigen Kinder, der Honorarkr\u00e4fte und ggf. der vollj\u00e4hrigen Sch\u00fcler werden durch den gew\u00e4hlten Vorstand und ggf. durch eine, durch den Vorstand des FV, beauftragte Hilfskraft oder beauftragtes FV-Mitglied zu den oben genannten Zwecken verarbeitet. Sofern dies zur Erf\u00fcllung gesetzlicher Vorschriften oder gem\u00e4\u00df Satzung erforderlich ist, k\u00f6nnen personenbezogene Daten an Beh\u00f6rden oder an die gew\u00e4hlten Kassenpr\u00fcfer des FV \u00fcbermittelt werden.<\/p>\r\n\r\n\r\n\r\n<p>&nbsp;<\/p>\r\n<p><strong>5. Aufbewahrung der Daten<\/strong><\/p>\r\n\r\n\r\n\r\n<p>Bei Ablauf der Mitgliedschaft werden die personenbezogenen Daten der ehemaligen Mitglieder gel\u00f6scht, es sei denn, der FV ist aus gesetzlichen Gr\u00fcnden verpflichtet, eine l\u00e4ngere Aufbewahrungsfrist einzuhalten. In diesem Fall werden die Daten nach Ablauf dieser Frist gel\u00f6scht. Analog wird mit den Daten der Honorarkr\u00e4fte, der Eltern der Bl\u00e4serklassen\/-AG und ihrer minderj\u00e4hrigen Kinder bzw. der vollj\u00e4hrigen Sch\u00fcler verfahren.<\/p>\r\n\r\n\r\n\r\n<p>&nbsp;<\/p>\r\n<p><strong>6. Ihre Datenschutzrechte<\/strong><\/p>\r\n\r\n\r\n\r\n<p>Betroffene Personen haben das Recht auf<\/p>\r\n\r\n\r\n\r\n<p>* Auskunft (Art. 15 DSGVO)<br \/>* Berichtigung (Art. 16 DSGVO)<br \/>* L\u00f6schung (Art. 17 DSGVO)<br \/>* Einschr\u00e4nkung der Verarbeitung (Art. 18 DSGVO)<br \/>* Widerspruch (Art. 21 DSGVO)<\/p>\r\n\r\n\r\n\r\n\r\n\r\n\r\n\r\n\r\n\r\n\r\n\r\n<p>&nbsp;<\/p>\r\n<p><strong>7. Pflicht zur Breitstellung personenbezogener Daten<\/strong><\/p>\r\n\r\n\r\n\r\n<p>Im Rahmen der Mitgliedschaft im FV m\u00fcssen diejenigen personenbezogenen Daten bereitgestellt werden, die f\u00fcr die Erf\u00fcllung der Pflichten aus der Mitgliedschaft und sonstigen Vertr\u00e4gen erforderlich sind. Das sind Namen, Adressen, Kontakt- und Kontodaten.<\/p>\r\n\r\n\r\n\r\n<p>&nbsp;<\/p>\r\n<p><strong>8. Widerruf<\/strong><\/p>\r\n\r\n\r\n\r\n<p>Sie k\u00f6nnen die Verwendung Ihrer pers\u00f6nlichen Daten widerrufen.<\/p>\r\n\r\n\r\n\r\n<p>Sofern dies nicht zur Erf\u00fcllung gesetzlicher oder satzungsm\u00e4\u00dfiger Anforderungen ausgeschlossen ist, k\u00f6nnen Sie die Verwendung Ihrer personenbezogenen Daten und die Ihrer minderj\u00e4hrigen Kinder widerrufen.<\/p>\r\n\r\n\r\n\r\n<p>Empf\u00e4nger des Widerrufs:<\/p>\r\n\r\n\r\n\r\n<p>F\u00f6rderverein der Weibelfeldschule Dreieich e.V., Am Trauben 17 63303 Dreieich E-Mail: willkommen@foerderverein-wfs.de<\/p>\r\n","protected":false},"excerpt":{"rendered":"<p>Datenschutzhinweise des F\u00f6rdervereins f\u00fcr Mitglieder, Eltern, Sch\u00fcler und Honorarkr\u00e4fte (Anmerkung: Wir unterscheiden im Folgenden bewusst nicht in m\u00e4nnlicher&#8230; <a class=\"continue-reading-link\" href=\"https:\/\/www.foerderverein-wfs.de\/index.php\/datenschutzerklaerung\/\">Weiterlesen&#8230;<\/a><\/p>\n","protected":false},"author":1,"featured_media":0,"parent":0,"menu_order":0,"comment_status":"closed","ping_status":"open","template":"","meta":{"footnotes":""},"class_list":["post-3","page","type-page","status-publish","hentry"],"_links":{"self":[{"href":"https:\/\/www.foerderverein-wfs.de\/index.php\/wp-json\/wp\/v2\/pages\/3","targetHints":{"allow":["GET"]}}],"collection":[{"href":"https:\/\/www.foerderverein-wfs.de\/index.php\/wp-json\/wp\/v2\/pages"}],"about":[{"href":"https:\/\/www.foerderverein-wfs.de\/index.php\/wp-json\/wp\/v2\/types\/page"}],"author":[{"embeddable":true,"href":"https:\/\/www.foerderverein-wfs.de\/index.php\/wp-json\/wp\/v2\/users\/1"}],"replies":[{"embeddable":true,"href":"https:\/\/www.foerderverein-wfs.de\/index.php\/wp-json\/wp\/v2\/comments?post=3"}],"version-history":[{"count":6,"href":"https:\/\/www.foerderverein-wfs.de\/index.php\/wp-json\/wp\/v2\/pages\/3\/revisions"}],"predecessor-version":[{"id":231,"href":"https:\/\/www.foerderverein-wfs.de\/index.php\/wp-json\/wp\/v2\/pages\/3\/revisions\/231"}],"wp:attachment":[{"href":"https:\/\/www.foerderverein-wfs.de\/index.php\/wp-json\/wp\/v2\/media?parent=3"}],"curies":[{"name":"wp","href":"https:\/\/api.w.org\/{rel}","templated":true}]}}