{"id":28,"date":"2021-07-19T13:47:19","date_gmt":"2021-07-19T11:47:19","guid":{"rendered":"https:\/\/wfs.heinx1.de\/?page_id=28"},"modified":"2022-05-11T12:41:29","modified_gmt":"2022-05-11T10:41:29","slug":"mitgliedschaft-als-lehrkraft","status":"publish","type":"page","link":"https:\/\/www.foerderverein-wfs.de\/index.php\/fuer-lehrkraefte\/mitgliedschaft-als-lehrkraft\/","title":{"rendered":"Mitgliedschaft als Lehrkraft"},"content":{"rendered":"\r\n<p><strong><img loading=\"lazy\" decoding=\"async\" class=\" wp-image-223 alignright\" src=\"https:\/\/www.foerderverein-wfs.de\/wp-content\/uploads\/2022\/05\/LehrerBast.jpg\" alt=\"\" width=\"418\" height=\"189\" srcset=\"https:\/\/www.foerderverein-wfs.de\/wp-content\/uploads\/2022\/05\/LehrerBast.jpg 600w, https:\/\/www.foerderverein-wfs.de\/wp-content\/uploads\/2022\/05\/LehrerBast-300x136.jpg 300w, https:\/\/www.foerderverein-wfs.de\/wp-content\/uploads\/2022\/05\/LehrerBast-150x68.jpg 150w\" sizes=\"auto, (max-width: 418px) 100vw, 418px\" \/>Eine <a href=\"http:\/\/www.foerderverein-wfs.de\/wie-werde-ich-mitglied\/\">Mitgliedschaft<\/a>\u00a0lohnt sich auch f\u00fcr Sie!<\/strong><\/p>\r\n\r\n\r\n\r\n<p>Ihr Wissen ist f\u00fcr uns wichtig: Sie haben den engsten Kontakt zu den Sch\u00fclern und Sch\u00fclerinnen und wissen am besten, wo der &#8222;Schuh dr\u00fcckt&#8220;.<\/p>\r\n\r\n\r\n\r\n<p>Vielleicht gestalten Sie Projekte f\u00fcr Ihre Sch\u00fcler mit. Oder Sie finden es lohnenswert, die finanziellen Mittel f\u00fcr die aktuellen und kommenden Projekte im Schulalltag zu sichern.<\/p>\r\n\r\n\r\n\r\n<p>Sprechen Sie uns an und gestalten Sie mit!<\/p>\r\n\r\n\r\n\r\n<p>Wir w\u00fcrden uns sehr freuen.<\/p>\r\n","protected":false},"excerpt":{"rendered":"<p>Eine Mitgliedschaft\u00a0lohnt sich auch f\u00fcr Sie! Ihr Wissen ist f\u00fcr uns wichtig: Sie haben den engsten Kontakt zu&#8230; <a class=\"continue-reading-link\" href=\"https:\/\/www.foerderverein-wfs.de\/index.php\/fuer-lehrkraefte\/mitgliedschaft-als-lehrkraft\/\">Weiterlesen&#8230;<\/a><\/p>\n","protected":false},"author":1,"featured_media":0,"parent":24,"menu_order":0,"comment_status":"closed","ping_status":"closed","template":"","meta":{"footnotes":""},"class_list":["post-28","page","type-page","status-publish","hentry"],"_links":{"self":[{"href":"https:\/\/www.foerderverein-wfs.de\/index.php\/wp-json\/wp\/v2\/pages\/28","targetHints":{"allow":["GET"]}}],"collection":[{"href":"https:\/\/www.foerderverein-wfs.de\/index.php\/wp-json\/wp\/v2\/pages"}],"about":[{"href":"https:\/\/www.foerderverein-wfs.de\/index.php\/wp-json\/wp\/v2\/types\/page"}],"author":[{"embeddable":true,"href":"https:\/\/www.foerderverein-wfs.de\/index.php\/wp-json\/wp\/v2\/users\/1"}],"replies":[{"embeddable":true,"href":"https:\/\/www.foerderverein-wfs.de\/index.php\/wp-json\/wp\/v2\/comments?post=28"}],"version-history":[{"count":2,"href":"https:\/\/www.foerderverein-wfs.de\/index.php\/wp-json\/wp\/v2\/pages\/28\/revisions"}],"predecessor-version":[{"id":226,"href":"https:\/\/www.foerderverein-wfs.de\/index.php\/wp-json\/wp\/v2\/pages\/28\/revisions\/226"}],"up":[{"embeddable":true,"href":"https:\/\/www.foerderverein-wfs.de\/index.php\/wp-json\/wp\/v2\/pages\/24"}],"wp:attachment":[{"href":"https:\/\/www.foerderverein-wfs.de\/index.php\/wp-json\/wp\/v2\/media?parent=28"}],"curies":[{"name":"wp","href":"https:\/\/api.w.org\/{rel}","templated":true}]}}