{"id":26,"date":"2021-07-19T13:46:27","date_gmt":"2021-07-19T11:46:27","guid":{"rendered":"https:\/\/wfs.heinx1.de\/?page_id=26"},"modified":"2025-09-24T21:30:21","modified_gmt":"2025-09-24T19:30:21","slug":"antraege","status":"publish","type":"page","link":"https:\/\/www.foerderverein-wfs.de\/index.php\/fuer-lehrkraefte\/antraege\/","title":{"rendered":"Antr\u00e4ge"},"content":{"rendered":"\r\n<p>Dies kann z.B. eine finanzielle Unterst\u00fctzung zu einer Klassenfahrt, f\u00fcr ein Projekt oder Auff\u00fchrung, Kunstausstellung und vieles mehr sein. Vielleicht brauchen Sie f\u00fcr die Realisierung eines Projektes Kompetenzen. Hier k\u00f6nnen wir versuchen, den Kontakt zur Elternschaft oder zu Firmen zu vermitteln.<\/p>\r\n\r\n\r\n\r\n\r\n<p>Uns ist wichtig, dass Sie zun\u00e4chst alle m\u00f6glichen anderen F\u00f6rderm\u00f6glichkeiten pr\u00fcfen und ggf. auch aktivieren. Auch dabei k\u00f6nnen wir helfen. Wenn der F\u00f6rderverein bei der Unterst\u00fctzung einer Klassenfahrt einspringen soll, sollte auch ein eigener Beitrag geleistet werden &#8211; m\u00f6glichst mindestens 50%, die z.B. von Eltern oder der Klassenkasse aufgebracht werden. Nat\u00fcrlich k\u00f6nnen Sie auch neue Mitglieder gewinnen, deren Jahresbeitrag diesen 50% entspricht.<\/p>\r\n\r\n\r\n\r\n<p>Entschieden wird immer beim n\u00e4chsten Treffen des Bewilligungsausschusses.<\/p>\r\n\r\n\r\n\r\n<p>Bei Fragen wenden Sie sich an Herrn A. Bast und Herrn P. Wunderlich (Sprecher des Bewilligungsausschusses) oder gern an jedes andere Mitglied des Vorstandes oder \u00fcber u.a. Kontaktformular.<\/p>\r\n\r\n\r\n\r\n<p>Anbei finden Sie folgende Formulare als PDF:<\/p>\r\n\r\n\r\n\r\n<ul class=\"wp-block-list\">\r\n<li>Antrag F\u00f6rdermittel f\u00fcr\u00a0<strong>Projekte<\/strong><\/li>\r\n<li>Antrag auf\u00a0<strong>finanzielle Unterst\u00fctzung<\/strong>\u00a0von Sch\u00fclerInnen f\u00fcr Klassenausfl\u00fcge oder Klassenfahrten<\/li>\r\n<\/ul>\r\n<p><a href=\"https:\/\/www.foerderverein-wfs.de\/wp-content\/uploads\/2025\/06\/2025-06_Beitrittserklaerung_FV_WFS.pdf\" target=\"_blank\" rel=\"noopener\"><img loading=\"lazy\" decoding=\"async\" class=\"size-full wp-image-195 aligncenter\" src=\"https:\/\/www.foerderverein-wfs.de\/wp-content\/uploads\/2022\/05\/Satzung.jpg\" alt=\"\" width=\"1090\" height=\"130\" srcset=\"https:\/\/www.foerderverein-wfs.de\/wp-content\/uploads\/2022\/05\/Satzung.jpg 1090w, https:\/\/www.foerderverein-wfs.de\/wp-content\/uploads\/2022\/05\/Satzung-300x36.jpg 300w, https:\/\/www.foerderverein-wfs.de\/wp-content\/uploads\/2022\/05\/Satzung-1024x122.jpg 1024w, https:\/\/www.foerderverein-wfs.de\/wp-content\/uploads\/2022\/05\/Satzung-768x92.jpg 768w, https:\/\/www.foerderverein-wfs.de\/wp-content\/uploads\/2022\/05\/Satzung-150x18.jpg 150w\" sizes=\"auto, (max-width: 1090px) 100vw, 1090px\" \/><\/a><\/p>\r\n<!-- \/wp:paragraph --><!-- wp:post-content --><!-- wp:heading {\"level\":1} -->\r\n<h1>Antr\u00e4ge &amp; Kontakt<\/h1>\r\n<!-- \/wp:heading -->\r\n\r\n<!-- wp:paragraph -->\r\n<p><strong>Einen Antrag beim F\u00f6rderverein k\u00f6nnen Sie ganz einfach formlos stellen, indem Sie Herrn Wunderlich oder Herrn Bast ansprechen. Das Antragsformular finden Sie auch im Lehrerzimmer.\r\n<\/strong><\/p>\r\n\r\n<!-- \/wp:paragraph -->\r\n<!-- wp:paragraph -->\r\n<p>Eine kurze Beschreibung, um welches Vorhaben es geht und um welchen Betrag bzw. welche Unterst\u00fctzung es sich handelt.<\/p>\r\n<!-- \/wp:paragraph -->\r\n\r\n<!-- wp:paragraph -->\r\n<p>Dies kann z.B. eine finanzielle Unterst\u00fctzung zu einer Klassenfahrt, f\u00fcr ein Projekt oder Auff\u00fchrung, Kunstausstellung und vieles mehr sein. Vielleicht brauchen Sie f\u00fcr die Realisierung eines Projektes Kompetenzen. Hier k\u00f6nnen wir versuchen, den Kontakt zur Elternschaft oder zu Firmen zu vermitteln.<\/p>\r\n<!-- wp:paragraph -->\r\n\r\n\r\n<!-- wp:paragraph -->\r\n<p>Uns ist wichtig, dass Sie zun\u00e4chst alle m\u00f6glichen anderen F\u00f6rderm\u00f6glichkeiten pr\u00fcfen und ggf. auch aktivieren. Auch dabei k\u00f6nnen wir helfen. Wenn der F\u00f6rderverein bei der Unterst\u00fctzung einer Klassenfahrt einspringen soll, sollte auch ein eigener Beitrag geleistet werden &#8211; m\u00f6glichst mindestens 50%, die z.B. von Eltern oder der Klassenkasse aufgebracht werden. Nat\u00fcrlich k\u00f6nnen Sie auch neue Mitglieder gewinnen, deren Jahresbeitrag diesen 50% entspricht.<\/p>\r\n<!-- \/wp:paragraph -->\r\n\r\n<!-- wp:paragraph -->\r\n<p>Entschieden wird immer beim n\u00e4chsten Treffen des Bewilligungsausschusses.<\/p>\r\n<!-- \/wp:paragraph -->\r\n\r\n<!-- wp:paragraph -->\r\n<p>Bei Fragen wenden Sie sich an Herrn A. Bast und Herrn P. Wunderlich (Sprecher des Bewilligungsausschusses) oder gern an jedes andere Mitglied des Vorstandes oder \u00fcber u.a. Kontaktformular.<\/p>\r\n<!-- \/wp:paragraph -->\r\n\r\n<!-- wp:paragraph -->\r\n<p>Anbei finden Sie folgende Formulare als PDF:<\/p>\r\n<!-- \/wp:paragraph -->\r\n\r\n<!-- wp:list -->\r\n<ul>\r\n<li>Antrag F\u00f6rdermittel f\u00fcr\u00a0<strong>Projekte<\/strong><\/li>\r\n<li>Antrag auf\u00a0<strong>finanzielle Unterst\u00fctzung<\/strong>\u00a0von Sch\u00fclerInnen f\u00fcr Klassenausfl\u00fcge oder Klassenfahrten<\/li>\r\n<\/ul>\r\n<p><a href=\"https:\/\/www.foerderverein-wfs.de\/wp-content\/uploads\/2025\/06\/2025-06_Beitrittserklaerung_FV_WFS.pdf\" target=\"_blank\" rel=\"noopener\"><img loading=\"lazy\" decoding=\"async\" class=\"size-full wp-image-195 aligncenter\" src=\"https:\/\/www.foerderverein-wfs.de\/wp-content\/uploads\/2022\/05\/Satzung.jpg\" alt=\"\" width=\"1090\" height=\"130\" srcset=\"https:\/\/www.foerderverein-wfs.de\/wp-content\/uploads\/2022\/05\/Satzung.jpg 1090w, https:\/\/www.foerderverein-wfs.de\/wp-content\/uploads\/2022\/05\/Satzung-300x36.jpg 300w, https:\/\/www.foerderverein-wfs.de\/wp-content\/uploads\/2022\/05\/Satzung-1024x122.jpg 1024w, https:\/\/www.foerderverein-wfs.de\/wp-content\/uploads\/2022\/05\/Satzung-768x92.jpg 768w, https:\/\/www.foerderverein-wfs.de\/wp-content\/uploads\/2022\/05\/Satzung-150x18.jpg 150w\" sizes=\"auto, (max-width: 1090px) 100vw, 1090px\" \/><\/a><\/p>\r\n<!-- \/wp:list --><!-- \/wp:post-content -->","protected":false},"excerpt":{"rendered":"<p>Antr\u00e4ge &amp; Kontakt Einen Antrag beim F\u00f6rderverein k\u00f6nnen Sie ganz einfach formlos stellen, indem Sie Herrn Wunderlich oder&#8230; <a class=\"continue-reading-link\" href=\"https:\/\/www.foerderverein-wfs.de\/index.php\/fuer-lehrkraefte\/antraege\/\">Weiterlesen&#8230;<\/a><\/p>\n","protected":false},"author":1,"featured_media":0,"parent":24,"menu_order":0,"comment_status":"closed","ping_status":"closed","template":"","meta":{"footnotes":""},"class_list":["post-26","page","type-page","status-publish","hentry"],"_links":{"self":[{"href":"https:\/\/www.foerderverein-wfs.de\/index.php\/wp-json\/wp\/v2\/pages\/26","targetHints":{"allow":["GET"]}}],"collection":[{"href":"https:\/\/www.foerderverein-wfs.de\/index.php\/wp-json\/wp\/v2\/pages"}],"about":[{"href":"https:\/\/www.foerderverein-wfs.de\/index.php\/wp-json\/wp\/v2\/types\/page"}],"author":[{"embeddable":true,"href":"https:\/\/www.foerderverein-wfs.de\/index.php\/wp-json\/wp\/v2\/users\/1"}],"replies":[{"embeddable":true,"href":"https:\/\/www.foerderverein-wfs.de\/index.php\/wp-json\/wp\/v2\/comments?post=26"}],"version-history":[{"count":8,"href":"https:\/\/www.foerderverein-wfs.de\/index.php\/wp-json\/wp\/v2\/pages\/26\/revisions"}],"predecessor-version":[{"id":541,"href":"https:\/\/www.foerderverein-wfs.de\/index.php\/wp-json\/wp\/v2\/pages\/26\/revisions\/541"}],"up":[{"embeddable":true,"href":"https:\/\/www.foerderverein-wfs.de\/index.php\/wp-json\/wp\/v2\/pages\/24"}],"wp:attachment":[{"href":"https:\/\/www.foerderverein-wfs.de\/index.php\/wp-json\/wp\/v2\/media?parent=26"}],"curies":[{"name":"wp","href":"https:\/\/api.w.org\/{rel}","templated":true}]}}