{"id":24,"date":"2021-07-19T13:45:53","date_gmt":"2021-07-19T11:45:53","guid":{"rendered":"https:\/\/wfs.heinx1.de\/?page_id=24"},"modified":"2026-02-22T13:06:45","modified_gmt":"2026-02-22T12:06:45","slug":"fuer-lehrkraefte","status":"publish","type":"page","link":"https:\/\/www.foerderverein-wfs.de\/index.php\/fuer-lehrkraefte\/","title":{"rendered":"F\u00fcr Lehrkr\u00e4fte"},"content":{"rendered":"\r\n<h1 class=\"wp-block-heading\">Zusammenarbeit F\u00f6rderverein &amp; Weibelfeldschule<\/h1>\r\n\r\n\r\n\r\n<p><img loading=\"lazy\" decoding=\"async\" class=\" wp-image-224 alignright\" src=\"https:\/\/www.foerderverein-wfs.de\/wp-content\/uploads\/2022\/05\/LehrerWunderlich.jpg\" alt=\"\" width=\"459\" height=\"253\" srcset=\"https:\/\/www.foerderverein-wfs.de\/wp-content\/uploads\/2022\/05\/LehrerWunderlich.jpg 579w, https:\/\/www.foerderverein-wfs.de\/wp-content\/uploads\/2022\/05\/LehrerWunderlich-300x165.jpg 300w, https:\/\/www.foerderverein-wfs.de\/wp-content\/uploads\/2022\/05\/LehrerWunderlich-150x83.jpg 150w\" sizes=\"auto, (max-width: 459px) 100vw, 459px\" \/>Liebes Kollegium,<\/p>\r\n\r\n\r\n\r\n<p>die Weibelfeldschule ist seit 2025 eine selbst\u00e4ndige Schule, die \u00fcber den staatlich vorgegebenen Rahmen hinaus den Sch\u00fclerInnen, aber auch dem Kollegium, viele weitere M\u00f6glichkeiten bietet. Sie erleichtern das Leben und Arbeiten in der Schule und machen sie als Lernort attraktiver. Es gibt Angebote, wie z.B. die Schulb\u00fccherei, die Raum f\u00fcr Entfaltungsm\u00f6glichkeiten in vielen Bereichen bietet.<\/p>\r\n\r\n\r\n\r\n<p>Seit 1989 Jahren unterst\u00fctzt der Verein die Weibelfeldschule\u00a0an vielen Stellen\u00a0 &#8211; sei es finanziell, materiell, mit Know how oder pers\u00f6nlicher Einsatz &#8211; das t\u00e4gliche Schulleben.\u00a0<\/p>\r\n\r\n\r\n\r\n<p>Als\u00a0F\u00f6rderverein und mit unserer Homepage verfolgen wir\u00a0<strong>Ziele<\/strong>:<\/p>\r\n<p>&nbsp;<\/p>\r\n\r\n\r\n\r\n<ul class=\"wp-block-list\">\r\n<li>neue Mitglieder gewinnen<\/li>\r\n<li>Sponsoren finden<\/li>\r\n<li>Feste oder Veranstaltungen MIT organisieren und durch ein Bewirtungsangebot weitere F\u00f6rdermittel sammeln.<\/li>\r\n<li>gro\u00dfe Projekte unterst\u00fctzen (u.a. Schulb\u00fccherei,<\/li>\r\n<li>\u00a0Au\u00dfengel\u00e4nde, Ausbildungsmesse), ggf. MITplanen, Finanzen sichern, MITorganisieren, MITdurchf\u00fchren, <a href=\"http:\/\/www.foerderverein-wfs.de\/f%C3%BCr-lehrkr%C3%A4fte\/projekte-dokumentieren\/\">dokumentieren<\/a>\u00a0und DANKE sagen.<\/li>\r\n<li>kleine Projekte (des Kollegiums im Unterricht oder AGs) finanzieren und dar\u00fcber berichten. Verfahren dazu: Siehe\u00a0<a href=\"http:\/\/www.foerderverein-wfs.de\/%C3%BCber-uns\/bewilligungsausschuss\/\">Bewilligungsausschuss<\/a>.<br \/><a href=\"http:\/\/www.foerderverein-wfs.de\/f%C3%BCr-lehrkr%C3%A4fte\/projekte-dokumentieren\/\">\u00dcber alle Projekte berichten<\/a>\u00a0wir gerne. Hierzu bitte Kontakt herstellen.<\/li>\r\n<li>Sicherung von laufenden Projekten (wie z.B. Bl\u00e4serklasse, Schulb\u00fccherei, AV-Studio&#8230;.).<\/li>\r\n<li>Unterst\u00fctzung von Sch\u00fclern und Familien.<\/li>\r\n<li>&#8230; und vieles MEHR!<\/li>\r\n<\/ul>\r\n\r\n\r\n\r\n<p>Mit unserer Homepage m\u00f6chten wir Ihnen zeigen, was wir f\u00fcr Sie, aber auch was Sie f\u00fcr uns M\u00d6GLICH machen k\u00f6nnen. Wir sehen uns als ihr Partner zum Wohle der Sch\u00fclerInnen\u00a0und der gesamten Schulgemeinde.<\/p>\r\n\r\n\r\n\r\n<p>Ihr<\/p>\r\n\r\n\r\n\r\n<p>Vorstand des F\u00f6rdervereins<\/p>\r\n","protected":false},"excerpt":{"rendered":"<p>Zusammenarbeit F\u00f6rderverein &amp; Weibelfeldschule Liebes Kollegium, die Weibelfeldschule ist seit 2025 eine selbst\u00e4ndige Schule, die \u00fcber den staatlich&#8230; <a class=\"continue-reading-link\" href=\"https:\/\/www.foerderverein-wfs.de\/index.php\/fuer-lehrkraefte\/\">Weiterlesen&#8230;<\/a><\/p>\n","protected":false},"author":1,"featured_media":0,"parent":0,"menu_order":0,"comment_status":"closed","ping_status":"closed","template":"","meta":{"footnotes":""},"class_list":["post-24","page","type-page","status-publish","hentry"],"_links":{"self":[{"href":"https:\/\/www.foerderverein-wfs.de\/index.php\/wp-json\/wp\/v2\/pages\/24","targetHints":{"allow":["GET"]}}],"collection":[{"href":"https:\/\/www.foerderverein-wfs.de\/index.php\/wp-json\/wp\/v2\/pages"}],"about":[{"href":"https:\/\/www.foerderverein-wfs.de\/index.php\/wp-json\/wp\/v2\/types\/page"}],"author":[{"embeddable":true,"href":"https:\/\/www.foerderverein-wfs.de\/index.php\/wp-json\/wp\/v2\/users\/1"}],"replies":[{"embeddable":true,"href":"https:\/\/www.foerderverein-wfs.de\/index.php\/wp-json\/wp\/v2\/comments?post=24"}],"version-history":[{"count":7,"href":"https:\/\/www.foerderverein-wfs.de\/index.php\/wp-json\/wp\/v2\/pages\/24\/revisions"}],"predecessor-version":[{"id":547,"href":"https:\/\/www.foerderverein-wfs.de\/index.php\/wp-json\/wp\/v2\/pages\/24\/revisions\/547"}],"wp:attachment":[{"href":"https:\/\/www.foerderverein-wfs.de\/index.php\/wp-json\/wp\/v2\/media?parent=24"}],"curies":[{"name":"wp","href":"https:\/\/api.w.org\/{rel}","templated":true}]}}