{"id":19,"date":"2021-07-19T13:43:05","date_gmt":"2021-07-19T11:43:05","guid":{"rendered":"https:\/\/wfs.heinx1.de\/?page_id=19"},"modified":"2025-09-10T17:12:32","modified_gmt":"2025-09-10T15:12:32","slug":"impressum","status":"publish","type":"page","link":"https:\/\/www.foerderverein-wfs.de\/index.php\/impressum\/","title":{"rendered":"Impressum"},"content":{"rendered":"\r\n<p><strong>Betreiber der Website<\/strong><\/p>\r\n\r\n\r\n\r\n<p>F\u00f6rderverein der Weibelfeldschule Dreieich e.V.<br \/>Am Trauben 17<br \/>63303 Dreieich<br \/>E-Mail: willkommen@foerderverein-wfs.de<\/p>\r\n\r\n\r\n\r\n\r\n\r\n\r\n\r\n\r\n\r\n\r\n\r\n<p><strong>Vertretungsberechtigter Vorstand<\/strong><\/p>\r\n\r\n\r\n\r\n<p>Meike Vogler (Vorsitzende &#8211; Vereinsmanagement)<br \/>Katja Zimmermann und Carsten Kirchberger (stellv. Vorsitzende &#8211; Veranstaltungen und Projekte)<br  \/>Britta Eysenbach (Kassenwartin &#8211; Finanzen)<\/p>\r\n\r\n\r\n\r\n\r\n\r\n\r\n\r\n\r\n\r\n<p><strong>Vereinsregister<\/strong><br \/>Amtsgericht Offenbach am Main<br \/>Registernr. VR 3540<\/p>\r\n\r\n\r\n\r\n\r\n\r\n<p><strong>Haftungsausschluss<\/strong><\/p>\r\n\r\n\r\n\r\n<p>Wir \u00fcbernehmen keinerlei Haftung f\u00fcr die Inhalte extern verkn\u00fcpfter Seiten. F\u00fcr die Inhalte solcher Seiten sind ausschlie\u00dflich deren Betreiber verantwortlich.<\/p>\r\n\r\n\r\n\r\n<p><strong>Urheberrecht<\/strong><\/p>\r\n\r\n\r\n\r\n<p>Die vorliegenden Bilder, Texte und graphischen Elemente sind urheberrechtlich gesch\u00fctzt. Alle Rechte bleiben bei den Urhebern.<\/p>\r\n\r\n\r\n\r\n<p><strong>Datenschutzerkl\u00e4rung<\/strong><\/p>\r\n\r\n\r\n\r\n<p>Ihre Daten, die Sie uns \u00fcber die Website oder per E-Mail zusenden, geben wir nicht an Dritte weiter und verwenden sie nur f\u00fcr den vorgesehenen Zweck.<\/p>\r\n\r\n\r\n\r\n<p><strong>Gestaltung Homepage\/Druckmedien<\/strong><\/p>\r\n\r\n\r\n\r\n<p>Antje Schuhmann<\/p>\r\n\r\n\r\n\r\n<p><strong>Gestaltung Logos\/Flyer<\/strong><\/p>\r\n\r\n\r\n\r\n<p>Weibelfeldschule und F\u00f6rderverein<\/p>\r\n\r\n","protected":false},"excerpt":{"rendered":"<p>Betreiber der Website F\u00f6rderverein der Weibelfeldschule Dreieich e.V.Am Trauben 1763303 DreieichE-Mail: willkommen@foerderverein-wfs.de Vertretungsberechtigter Vorstand Meike Vogler (Vorsitzende &#8211;&#8230; <a class=\"continue-reading-link\" href=\"https:\/\/www.foerderverein-wfs.de\/index.php\/impressum\/\">Weiterlesen&#8230;<\/a><\/p>\n","protected":false},"author":1,"featured_media":0,"parent":0,"menu_order":0,"comment_status":"closed","ping_status":"closed","template":"","meta":{"footnotes":""},"class_list":["post-19","page","type-page","status-publish","hentry"],"_links":{"self":[{"href":"https:\/\/www.foerderverein-wfs.de\/index.php\/wp-json\/wp\/v2\/pages\/19","targetHints":{"allow":["GET"]}}],"collection":[{"href":"https:\/\/www.foerderverein-wfs.de\/index.php\/wp-json\/wp\/v2\/pages"}],"about":[{"href":"https:\/\/www.foerderverein-wfs.de\/index.php\/wp-json\/wp\/v2\/types\/page"}],"author":[{"embeddable":true,"href":"https:\/\/www.foerderverein-wfs.de\/index.php\/wp-json\/wp\/v2\/users\/1"}],"replies":[{"embeddable":true,"href":"https:\/\/www.foerderverein-wfs.de\/index.php\/wp-json\/wp\/v2\/comments?post=19"}],"version-history":[{"count":9,"href":"https:\/\/www.foerderverein-wfs.de\/index.php\/wp-json\/wp\/v2\/pages\/19\/revisions"}],"predecessor-version":[{"id":535,"href":"https:\/\/www.foerderverein-wfs.de\/index.php\/wp-json\/wp\/v2\/pages\/19\/revisions\/535"}],"wp:attachment":[{"href":"https:\/\/www.foerderverein-wfs.de\/index.php\/wp-json\/wp\/v2\/media?parent=19"}],"curies":[{"name":"wp","href":"https:\/\/api.w.org\/{rel}","templated":true}]}}