{"id":13,"date":"2021-07-19T13:39:48","date_gmt":"2021-07-19T11:39:48","guid":{"rendered":"https:\/\/wfs.heinx1.de\/?page_id=13"},"modified":"2025-03-03T21:24:55","modified_gmt":"2025-03-03T20:24:55","slug":"verein","status":"publish","type":"page","link":"https:\/\/www.foerderverein-wfs.de\/index.php\/verein\/","title":{"rendered":"Verein"},"content":{"rendered":"\r\n<h1 class=\"wp-block-heading\">\u00dcber uns<\/h1>\r\n\r\n\r\n\r\n<h1 class=\"wp-block-heading\">Kontakt<\/h1>\r\n\r\n\r\n\r\n<p>F\u00f6rderverein der Weibelfeldschule Dreieich e.V. <br \/>Am Trauben 17 <br \/>63303 Dreieich <br \/><br \/>E-Mail: <a href=\"mailto:willkommen@foerderverein-wfs.de\">willkommen@foerderverein-wfs.de<\/a> <br \/>Instagram:\u00a0<a href=\"https:\/\/www.instagram.com\/foerdervereinweibelfeldschule\/\">www.instagram.com\/FoerdervereinWeibelfeldschule\/<\/a><\/p>\r\n<p>&nbsp;<\/p>\r\n\r\n\r\n\r\n<p><strong>Mehr Chancen f\u00fcr unsere Kinder durch Engagement der Eltern und Lehrer<\/strong>\u00a0<strong>Machen Sie mit!<\/strong><\/p>\r\n\r\n\r\n\r\n<p><strong>Wir wollen mehr.<\/strong><\/p>\r\n\r\n\r\n\r\n<p>Leider macht die K\u00fcrzung staatlicher Mittel auch vor der Bildung nicht halt. Schulen m\u00fcssen in vielen Bereichen auf staatliche F\u00f6rderung verzichten. Damit dieser Prozess am Ende nicht die Sch\u00fcler trifft, haben sich\u00a0Eltern und Lehrer der Weibelfeldschule im F\u00f6rderverein zusammen geschlossen.<\/p>\r\n\r\n\r\n\r\n<p>Unser Ziel: durch privates Engagement unseren Kindern mehr zu erm\u00f6glichen und die Schule zu unterst\u00fctzen. Und das seit der Gr\u00fcndung des F\u00f6rdervereins im Jahre 1989.<\/p>\r\n\r\n\r\n\r\n<p><strong>Wir bieten mehr.<\/strong><\/p>\r\n\r\n\r\n\r\n<p>Wir engagieren uns, damit die Weibelfeldschule unseren Kindern geben kann, was sie brauchen. Zum Beispiel haben wir den finanziellen Grundstein f\u00fcr die EDV-Ausstattung der Schule gelegt, unterst\u00fctzen das AV-Studio und die Schulb\u00fccherei und sorgen so daf\u00fcr, dass allen Sch\u00fclern und Sch\u00fclerinnen eine multimediale Grundausbildung und Medienkompetenz vermittelt werden kann.<\/p>\r\n\r\n\r\n\r\n<p>Der Anspruch ist dabei immer der gleiche: ALLE Kinder sollen profitieren &#8211; direkt oder indirekt.<\/p>\r\n\r\n\r\n\r\n<p><strong>Wir k\u00f6nnen mehr.<\/strong><\/p>\r\n\r\n\r\n\r\n<p>Unser ehrenamtliches Engagement kommt\u00a0den Kindern zu Gute. Ohne Umwege \u00fcber Beh\u00f6rden oder andere Institutionen\u00a0k\u00f6nnen wir dort helfen, wo es notwendig ist &#8211; an der Schule. Das Ergebnis: mehr M\u00f6glichkeiten f\u00fcr unsere Kinder &#8211; mehr M\u00f6glichkeiten f\u00fcr die Lehrer.<\/p>\r\n\r\n\r\n\r\n<p><strong>Wir brauchen mehr.<\/strong><\/p>\r\n\r\n\r\n\r\n<p>Trotz aller ehrenamtlicher T\u00e4tigkeiten ist die Arbeit des F\u00f6rdervereins nur durch die finanzielle Unterst\u00fctzung seiner Mitglieder und\u00a0Eltern durch Mitgliedsbeitr\u00e4ge und Spenden m\u00f6glich. Je mehr finanzielle Mittel zur Verf\u00fcgung stehen, umso mehr Projekte k\u00f6nnen gef\u00f6rdert werden. Ein solides finanzielles Polster bietet zudem immer die M\u00f6glichkeit kurzfristiger und unb\u00fcrokratische Hilfe, z.B. bei der Unterst\u00fctzung von Klassenfahrten. Machen Sie mit, helfen Sie mit Ihrem Beitrag, dass in der Weibelfeldschule\u00a0<strong>MEHR<\/strong>\u00a0Bildung und\u00a0<strong>MEHR<\/strong>\u00a0Projekte geboten werden k\u00f6nnen.<\/p>\r\n\r\n\r\n\r\n<p>\u00dcber die Verteilung der Geldmittel entscheidet der j\u00e4hrlich neu gew\u00e4hlte Bewilligungssausschuss, der alle Antr\u00e4ge des Lehrerkollegiums und der Schulleitung eingehend pr\u00fcft.<\/p>\r\n\r\n\r\n\r\n<p>Ihre Beitr\u00e4ge in Form von Sach- und Geldspenden sind nat\u00fcrlich steuerlich abzugsf\u00e4hig.<\/p>\r\n\r\n\r\n\r\n<p><strong>DANKE F\u00dcR IHRE UNTERST\u00dcTZUNG.<\/strong><\/p>\r\n\r\n\r\n\r\n<p><strong>Mitmachen geht leicht &#8211; je nach Zeit und Interesse kann sich jeder als Mitglied einbringen oder freiwillig als aktiver Unterst\u00fctzer in einem Team loslegen, zum Beispiel:<\/strong><\/p>\r\n\r\n\r\n\r\n<p>Kunstkalender, B\u00fccherei, Ausstellungen oder Kuchen und Brezeln bei Events &#8211; ohne uns l\u00e4uft nix! Wir sind der F\u00f6rderverein (FV) der Weibelfeldschule Dreieich e.V. und setzen uns daf\u00fcr ein, dass unser Schulhof trotz knapper Mittel immer sch\u00f6ner wird. Wir helfen bei Projekten, wenn die Mittel fehlen, und wir erm\u00f6glichen erst diese Zeitung, die Sie gerade lesen.<br \/>Bei uns bekommen die Mitglieder die Chance, mitzuentscheiden, wof\u00fcr Gelder eingesetzt werden und jeder kann sich aktiv in verschiedenen Teams einbringen &#8211; wir haben f\u00fcr jeden etwas zu tun und jeder kann helfen!<br \/>Werden Sie Teil des F\u00f6rdervereins der Weibelfeldschule Dreieich e.V., blicken Sie hinter die Kulissen des Schullebens und kn\u00fcpfen Sie Kontakte zu anderen engagierten Eltern! Bringen Sie sich aktiv ein!<\/p>\r\n","protected":false},"excerpt":{"rendered":"<p>\u00dcber uns Kontakt F\u00f6rderverein der Weibelfeldschule Dreieich e.V. Am Trauben 17 63303 Dreieich E-Mail: willkommen@foerderverein-wfs.de Instagram:\u00a0www.instagram.com\/FoerdervereinWeibelfeldschule\/ &nbsp; Mehr&#8230; <a class=\"continue-reading-link\" href=\"https:\/\/www.foerderverein-wfs.de\/index.php\/verein\/\">Weiterlesen&#8230;<\/a><\/p>\n","protected":false},"author":1,"featured_media":0,"parent":0,"menu_order":0,"comment_status":"closed","ping_status":"closed","template":"","meta":{"footnotes":""},"class_list":["post-13","page","type-page","status-publish","hentry"],"_links":{"self":[{"href":"https:\/\/www.foerderverein-wfs.de\/index.php\/wp-json\/wp\/v2\/pages\/13","targetHints":{"allow":["GET"]}}],"collection":[{"href":"https:\/\/www.foerderverein-wfs.de\/index.php\/wp-json\/wp\/v2\/pages"}],"about":[{"href":"https:\/\/www.foerderverein-wfs.de\/index.php\/wp-json\/wp\/v2\/types\/page"}],"author":[{"embeddable":true,"href":"https:\/\/www.foerderverein-wfs.de\/index.php\/wp-json\/wp\/v2\/users\/1"}],"replies":[{"embeddable":true,"href":"https:\/\/www.foerderverein-wfs.de\/index.php\/wp-json\/wp\/v2\/comments?post=13"}],"version-history":[{"count":7,"href":"https:\/\/www.foerderverein-wfs.de\/index.php\/wp-json\/wp\/v2\/pages\/13\/revisions"}],"predecessor-version":[{"id":526,"href":"https:\/\/www.foerderverein-wfs.de\/index.php\/wp-json\/wp\/v2\/pages\/13\/revisions\/526"}],"wp:attachment":[{"href":"https:\/\/www.foerderverein-wfs.de\/index.php\/wp-json\/wp\/v2\/media?parent=13"}],"curies":[{"name":"wp","href":"https:\/\/api.w.org\/{rel}","templated":true}]}}